{"id":997,"date":"2019-06-22T06:38:43","date_gmt":"2019-06-22T06:38:43","guid":{"rendered":"https:\/\/www.tsilang.com\/tr\/?page_id=997"},"modified":"2019-07-09T07:40:08","modified_gmt":"2019-07-09T07:40:08","slug":"privacy","status":"publish","type":"page","link":"https:\/\/www.tsilang.com\/tr\/privacy\/","title":{"rendered":"Privacy Statement"},"content":{"rendered":"\n<p>We will not sell or share any information collected from this or other SiComponents&#8217; web-site to third parties. All information collected from SiComponents&#8217; web sites shall be for the sole use of SiComponents to improve our level of service.<\/p>\n\n\n\n<h4 class=\"wp-block-heading\">Cookies<\/h4>\n\n\n\n<p>We only use cookies to track advertising effectiveness and effectiveness of our web site pages. The data we collect includes only: entry page; referring URL; number of visits and number of downloads for our products. We don&#8217;t share this information with third parties and use it only for internal needs.<\/p>\n\n\n\n<h4 class=\"wp-block-heading\">No Adware, viruses or trojans<\/h4>\n\n\n\n<p>We ensure you that no adware, viruses or trojans included in our software if you download the installation packs from our web sites.<\/p>\n\n\n\n<h4 class=\"wp-block-heading\">Order process<\/h4>\n\n\n\n<p>We don&#8217;t handle payments by ourselves but outsource this to the most secured and trusted world-wide services, which are our partners. These services provide you with a variety of payment methods and support most of the world currencies. If you use a credit card to purchase a SiComponents&#8217; product, the credit card number is encrypted as it passes over the Internet. Your credit card number is not kept or recorded by SiComponents or our computers &#8211; it is simply passed through to the credit card company to purchase the product.<\/p>\n","protected":false},"excerpt":{"rendered":"<p>We will not sell or share any information collected from this or other SiComponents&#8217; web-site to third parties. All information collected from SiComponents&#8217; web sites shall be for the sole use of SiComponents to improve our level of service. Cookies We only use cookies to track advertising effectiveness and effectiveness of our web site pages. The data we collect includes only: entry page; referring URL; number of visits and number of downloads for our products. We don&#8217;t share this information with third parties and use it only for internal needs. No Adware, viruses or trojans We ensure you that no adware, viruses or trojans included in our software if you download the installation packs from our web sites. Order process We don&#8217;t handle payments by ourselves but outsource this to the most secured and trusted world-wide services, which are our partners. These services provide you with a variety of payment methods and support most of the world currencies. If you use a credit card to purchase a SiComponents&#8217; product, the credit card number is encrypted as it passes over the Internet. Your credit card number is not kept or recorded by SiComponents or our computers &#8211; it is simply passed through to the credit card company to purchase the product.<\/p>\n","protected":false},"author":1,"featured_media":0,"parent":0,"menu_order":0,"comment_status":"closed","ping_status":"closed","template":"","meta":{"inline_featured_image":false,"_themeisle_gutenberg_block_has_review":false,"footnotes":""},"class_list":["post-997","page","type-page","status-publish","hentry"],"yoast_head":"<!-- This site is optimized with the Yoast SEO plugin v24.0 - https:\/\/yoast.com\/wordpress\/plugins\/seo\/ -->\n<title>Privacy Statement - Yerelle\u015ftirme ve Uluslararas\u0131la\u015ft\u0131rma Arac\u0131<\/title>\n<meta name=\"description\" content=\"Privacy Statement for SiComponents&#039; web site.\" \/>\n<meta name=\"robots\" content=\"index, follow, max-snippet:-1, max-image-preview:large, max-video-preview:-1\" \/>\n<link rel=\"canonical\" href=\"https:\/\/www.tsilang.com\/tr\/privacy\/\" \/>\n<meta property=\"og:locale\" content=\"tr_TR\" \/>\n<meta property=\"og:type\" content=\"article\" \/>\n<meta property=\"og:title\" content=\"Privacy Statement - Yerelle\u015ftirme ve Uluslararas\u0131la\u015ft\u0131rma Arac\u0131\" \/>\n<meta property=\"og:description\" content=\"Privacy Statement for SiComponents&#039; web site.\" \/>\n<meta property=\"og:url\" content=\"https:\/\/www.tsilang.com\/tr\/privacy\/\" \/>\n<meta property=\"og:site_name\" content=\"Yerelle\u015ftirme ve Uluslararas\u0131la\u015ft\u0131rma Arac\u0131\" \/>\n<meta property=\"article:publisher\" content=\"https:\/\/www.facebook.com\/SiComponents-146798890855121\/\" \/>\n<meta property=\"article:modified_time\" content=\"2019-07-09T07:40:08+00:00\" \/>\n<meta property=\"og:image\" content=\"https:\/\/www.tsilang.com\/tr\/wp-content\/uploads\/2020\/07\/TsiLang_Web_OG_Image.png\" \/>\n\t<meta property=\"og:image:width\" content=\"1200\" \/>\n\t<meta property=\"og:image:height\" content=\"627\" \/>\n\t<meta property=\"og:image:type\" content=\"image\/png\" \/>\n<meta name=\"twitter:card\" content=\"summary_large_image\" \/>\n<meta name=\"twitter:site\" content=\"@SiComponents\" \/>\n<meta name=\"twitter:label1\" content=\"Est. reading time\" \/>\n\t<meta name=\"twitter:data1\" content=\"1 minute\" \/>\n<script type=\"application\/ld+json\" class=\"yoast-schema-graph\">{\"@context\":\"https:\/\/schema.org\",\"@graph\":[{\"@type\":\"WebPage\",\"@id\":\"https:\/\/www.tsilang.com\/tr\/privacy\/\",\"url\":\"https:\/\/www.tsilang.com\/tr\/privacy\/\",\"name\":\"Privacy Statement - Yerelle\u015ftirme ve Uluslararas\u0131la\u015ft\u0131rma Arac\u0131\",\"isPartOf\":{\"@id\":\"https:\/\/www.tsilang.com\/tr\/#website\"},\"datePublished\":\"2019-06-22T06:38:43+00:00\",\"dateModified\":\"2019-07-09T07:40:08+00:00\",\"description\":\"Privacy Statement for SiComponents' web site.\",\"breadcrumb\":{\"@id\":\"https:\/\/www.tsilang.com\/tr\/privacy\/#breadcrumb\"},\"inLanguage\":\"tr\",\"potentialAction\":[{\"@type\":\"ReadAction\",\"target\":[\"https:\/\/www.tsilang.com\/tr\/privacy\/\"]}]},{\"@type\":\"BreadcrumbList\",\"@id\":\"https:\/\/www.tsilang.com\/tr\/privacy\/#breadcrumb\",\"itemListElement\":[{\"@type\":\"ListItem\",\"position\":1,\"name\":\"Home\",\"item\":\"https:\/\/www.tsilang.com\/tr\/\"},{\"@type\":\"ListItem\",\"position\":2,\"name\":\"Privacy Statement\"}]},{\"@type\":\"WebSite\",\"@id\":\"https:\/\/www.tsilang.com\/tr\/#website\",\"url\":\"https:\/\/www.tsilang.com\/tr\/\",\"name\":\"Yerelle\u015ftirme ve Uluslararas\u0131la\u015ft\u0131rma Arac\u0131\",\"description\":\"Minimum \u00e7abayla T\u00dcM hedef platformlar i\u00e7in \u00e7ok dilli veya yerelle\u015ftirilmi\u015f uygulamalar olu\u015fturmak i\u00e7in eksiksiz ve evrensel \u00e7\u00f6z\u00fcm!\",\"publisher\":{\"@id\":\"https:\/\/www.tsilang.com\/tr\/#organization\"},\"potentialAction\":[{\"@type\":\"SearchAction\",\"target\":{\"@type\":\"EntryPoint\",\"urlTemplate\":\"https:\/\/www.tsilang.com\/tr\/?s={search_term_string}\"},\"query-input\":{\"@type\":\"PropertyValueSpecification\",\"valueRequired\":true,\"valueName\":\"search_term_string\"}}],\"inLanguage\":\"tr\"},{\"@type\":\"Organization\",\"@id\":\"https:\/\/www.tsilang.com\/tr\/#organization\",\"name\":\"TsiLang-SiComponents\",\"url\":\"https:\/\/www.tsilang.com\/tr\/\",\"logo\":{\"@type\":\"ImageObject\",\"inLanguage\":\"tr\",\"@id\":\"https:\/\/www.tsilang.com\/tr\/#\/schema\/logo\/image\/\",\"url\":\"https:\/\/www.tsilang.com\/tr\/wp-content\/uploads\/2019\/06\/TsiLang_Icon_256.png\",\"contentUrl\":\"https:\/\/www.tsilang.com\/tr\/wp-content\/uploads\/2019\/06\/TsiLang_Icon_256.png\",\"width\":256,\"height\":256,\"caption\":\"TsiLang-SiComponents\"},\"image\":{\"@id\":\"https:\/\/www.tsilang.com\/tr\/#\/schema\/logo\/image\/\"},\"sameAs\":[\"https:\/\/www.facebook.com\/SiComponents-146798890855121\/\",\"https:\/\/x.com\/SiComponents\",\"https:\/\/www.linkedin.com\/company\/sicomponents\/\",\"https:\/\/www.youtube.com\/channel\/UCYKIokNdbZXQZVvV-cwy7dg?view_as=subscriber\",\"https:\/\/ru.wikipedia.org\/wiki\/TsiLang_Components_Suite\"]}]}<\/script>\n<!-- \/ Yoast SEO plugin. -->","yoast_head_json":{"title":"Privacy Statement - Yerelle\u015ftirme ve Uluslararas\u0131la\u015ft\u0131rma Arac\u0131","description":"Privacy Statement for SiComponents' web site.","robots":{"index":"index","follow":"follow","max-snippet":"max-snippet:-1","max-image-preview":"max-image-preview:large","max-video-preview":"max-video-preview:-1"},"canonical":"https:\/\/www.tsilang.com\/tr\/privacy\/","og_locale":"tr_TR","og_type":"article","og_title":"Privacy Statement - Yerelle\u015ftirme ve Uluslararas\u0131la\u015ft\u0131rma Arac\u0131","og_description":"Privacy Statement for SiComponents' web site.","og_url":"https:\/\/www.tsilang.com\/tr\/privacy\/","og_site_name":"Yerelle\u015ftirme ve Uluslararas\u0131la\u015ft\u0131rma Arac\u0131","article_publisher":"https:\/\/www.facebook.com\/SiComponents-146798890855121\/","article_modified_time":"2019-07-09T07:40:08+00:00","og_image":[{"width":1200,"height":627,"url":"https:\/\/www.tsilang.com\/tr\/wp-content\/uploads\/2020\/07\/TsiLang_Web_OG_Image.png","type":"image\/png"}],"twitter_card":"summary_large_image","twitter_site":"@SiComponents","twitter_misc":{"Est. reading time":"1 minute"},"schema":{"@context":"https:\/\/schema.org","@graph":[{"@type":"WebPage","@id":"https:\/\/www.tsilang.com\/tr\/privacy\/","url":"https:\/\/www.tsilang.com\/tr\/privacy\/","name":"Privacy Statement - Yerelle\u015ftirme ve Uluslararas\u0131la\u015ft\u0131rma Arac\u0131","isPartOf":{"@id":"https:\/\/www.tsilang.com\/tr\/#website"},"datePublished":"2019-06-22T06:38:43+00:00","dateModified":"2019-07-09T07:40:08+00:00","description":"Privacy Statement for SiComponents' web site.","breadcrumb":{"@id":"https:\/\/www.tsilang.com\/tr\/privacy\/#breadcrumb"},"inLanguage":"tr","potentialAction":[{"@type":"ReadAction","target":["https:\/\/www.tsilang.com\/tr\/privacy\/"]}]},{"@type":"BreadcrumbList","@id":"https:\/\/www.tsilang.com\/tr\/privacy\/#breadcrumb","itemListElement":[{"@type":"ListItem","position":1,"name":"Home","item":"https:\/\/www.tsilang.com\/tr\/"},{"@type":"ListItem","position":2,"name":"Privacy Statement"}]},{"@type":"WebSite","@id":"https:\/\/www.tsilang.com\/tr\/#website","url":"https:\/\/www.tsilang.com\/tr\/","name":"Yerelle\u015ftirme ve Uluslararas\u0131la\u015ft\u0131rma Arac\u0131","description":"Minimum \u00e7abayla T\u00dcM hedef platformlar i\u00e7in \u00e7ok dilli veya yerelle\u015ftirilmi\u015f uygulamalar olu\u015fturmak i\u00e7in eksiksiz ve evrensel \u00e7\u00f6z\u00fcm!","publisher":{"@id":"https:\/\/www.tsilang.com\/tr\/#organization"},"potentialAction":[{"@type":"SearchAction","target":{"@type":"EntryPoint","urlTemplate":"https:\/\/www.tsilang.com\/tr\/?s={search_term_string}"},"query-input":{"@type":"PropertyValueSpecification","valueRequired":true,"valueName":"search_term_string"}}],"inLanguage":"tr"},{"@type":"Organization","@id":"https:\/\/www.tsilang.com\/tr\/#organization","name":"TsiLang-SiComponents","url":"https:\/\/www.tsilang.com\/tr\/","logo":{"@type":"ImageObject","inLanguage":"tr","@id":"https:\/\/www.tsilang.com\/tr\/#\/schema\/logo\/image\/","url":"https:\/\/www.tsilang.com\/tr\/wp-content\/uploads\/2019\/06\/TsiLang_Icon_256.png","contentUrl":"https:\/\/www.tsilang.com\/tr\/wp-content\/uploads\/2019\/06\/TsiLang_Icon_256.png","width":256,"height":256,"caption":"TsiLang-SiComponents"},"image":{"@id":"https:\/\/www.tsilang.com\/tr\/#\/schema\/logo\/image\/"},"sameAs":["https:\/\/www.facebook.com\/SiComponents-146798890855121\/","https:\/\/x.com\/SiComponents","https:\/\/www.linkedin.com\/company\/sicomponents\/","https:\/\/www.youtube.com\/channel\/UCYKIokNdbZXQZVvV-cwy7dg?view_as=subscriber","https:\/\/ru.wikipedia.org\/wiki\/TsiLang_Components_Suite"]}]}},"jetpack_sharing_enabled":true,"jetpack_shortlink":"https:\/\/wp.me\/PeTun7-g5","_links":{"self":[{"href":"https:\/\/www.tsilang.com\/tr\/wp-json\/wp\/v2\/pages\/997","targetHints":{"allow":["GET"]}}],"collection":[{"href":"https:\/\/www.tsilang.com\/tr\/wp-json\/wp\/v2\/pages"}],"about":[{"href":"https:\/\/www.tsilang.com\/tr\/wp-json\/wp\/v2\/types\/page"}],"author":[{"embeddable":true,"href":"https:\/\/www.tsilang.com\/tr\/wp-json\/wp\/v2\/users\/1"}],"replies":[{"embeddable":true,"href":"https:\/\/www.tsilang.com\/tr\/wp-json\/wp\/v2\/comments?post=997"}],"version-history":[{"count":2,"href":"https:\/\/www.tsilang.com\/tr\/wp-json\/wp\/v2\/pages\/997\/revisions"}],"predecessor-version":[{"id":1023,"href":"https:\/\/www.tsilang.com\/tr\/wp-json\/wp\/v2\/pages\/997\/revisions\/1023"}],"wp:attachment":[{"href":"https:\/\/www.tsilang.com\/tr\/wp-json\/wp\/v2\/media?parent=997"}],"curies":[{"name":"wp","href":"https:\/\/api.w.org\/{rel}","templated":true}]}}